{"id":9719,"date":"2024-03-28T10:57:29","date_gmt":"2024-03-28T09:57:29","guid":{"rendered":"https:\/\/www.zdenkobuzek.art\/about-the-artist\/bibliography\/"},"modified":"2024-04-15T09:14:58","modified_gmt":"2024-04-15T07:14:58","slug":"bibliography","status":"publish","type":"page","link":"https:\/\/www.zdenkobuzek.art\/en\/about-the-artist\/bibliography\/","title":{"rendered":"Bibliography"},"content":{"rendered":"\t\t<div data-elementor-type=\"wp-page\" data-elementor-id=\"9719\" class=\"elementor elementor-9719 elementor-8819\">\n\t\t\t\t\t\t<section class=\"elementor-section elementor-top-section elementor-element elementor-element-3c15b4d elementor-section-height-min-height elementor-section-items-stretch elementor-section-boxed elementor-section-height-default\" data-id=\"3c15b4d\" data-element_type=\"section\" data-settings=\"{&quot;background_background&quot;:&quot;classic&quot;}\">\n\t\t\t\t\t\t\t<div class=\"elementor-background-overlay\"><\/div>\n\t\t\t\t\t\t\t<div class=\"elementor-container elementor-column-gap-no\">\n\t\t\t\t\t<div class=\"elementor-column elementor-col-100 elementor-top-column elementor-element elementor-element-be412fb\" data-id=\"be412fb\" data-element_type=\"column\">\n\t\t\t<div class=\"elementor-widget-wrap elementor-element-populated\">\n\t\t\t\t\t\t<section class=\"elementor-section elementor-inner-section elementor-element elementor-element-144009b elementor-section-content-middle elementor-section-boxed elementor-section-height-default elementor-section-height-default\" data-id=\"144009b\" data-element_type=\"section\">\n\t\t\t\t\t\t<div class=\"elementor-container elementor-column-gap-default\">\n\t\t\t\t\t<div class=\"elementor-column elementor-col-100 elementor-inner-column elementor-element elementor-element-4f8b6bd\" data-id=\"4f8b6bd\" data-element_type=\"column\">\n\t\t\t<div class=\"elementor-widget-wrap elementor-element-populated\">\n\t\t\t\t\t\t<div class=\"elementor-element elementor-element-3ccb96a elementor-widget elementor-widget-hub_fancy_heading\" data-id=\"3ccb96a\" data-element_type=\"widget\" data-widget_type=\"hub_fancy_heading.default\">\n\t\t\t\t<div class=\"elementor-widget-container\">\n\t\t\t\n\t\t<div id=\"ld-fancy-heading-69e67f0082783\" class=\"ld-fancy-heading pos-rel\">\n\t\t\t<h1 class=\"ld-fh-element d-inline-block pos-rel  elementor-heading-title lqd-highlight-classic lqd-highlight-grow-left h1\"  > Bibliography<\/h1>\t\t<\/div>\n\n\t\t\t\t<\/div>\n\t\t\t\t<\/div>\n\t\t\t\t\t<\/div>\n\t\t<\/div>\n\t\t\t\t\t<\/div>\n\t\t<\/section>\n\t\t\t\t\t<\/div>\n\t\t<\/div>\n\t\t\t\t\t<\/div>\n\t\t<\/section>\n\t\t\t\t<section class=\"elementor-section elementor-top-section elementor-element elementor-element-4a7d9d9 elementor-section-boxed elementor-section-height-default elementor-section-height-default\" data-id=\"4a7d9d9\" data-element_type=\"section\" data-settings=\"{&quot;background_background&quot;:&quot;classic&quot;}\">\n\t\t\t\t\t\t<div class=\"elementor-container elementor-column-gap-default\">\n\t\t\t\t\t<div class=\"elementor-column elementor-col-50 elementor-top-column elementor-element elementor-element-2ab6a10\" data-id=\"2ab6a10\" data-element_type=\"column\">\n\t\t\t<div class=\"elementor-widget-wrap elementor-element-populated\">\n\t\t\t\t\t\t<section class=\"elementor-section elementor-inner-section elementor-element elementor-element-272ac16 elementor-section-boxed elementor-section-height-default elementor-section-height-default\" data-id=\"272ac16\" data-element_type=\"section\">\n\t\t\t\t\t\t<div class=\"elementor-container elementor-column-gap-default\">\n\t\t\t\t\t<div class=\"elementor-column elementor-col-100 elementor-inner-column elementor-element elementor-element-887808b\" data-id=\"887808b\" data-element_type=\"column\">\n\t\t\t<div class=\"elementor-widget-wrap elementor-element-populated\">\n\t\t\t\t\t\t<div class=\"elementor-element elementor-element-b0cb654 elementor-widget elementor-widget-text-editor\" data-id=\"b0cb654\" data-element_type=\"widget\" data-widget_type=\"text-editor.default\">\n\t\t\t\t<div class=\"elementor-widget-container\">\n\t\t\t<style>\/*! elementor - v3.20.0 - 13-03-2024 *\/\n.elementor-widget-text-editor.elementor-drop-cap-view-stacked .elementor-drop-cap{background-color:#69727d;color:#fff}.elementor-widget-text-editor.elementor-drop-cap-view-framed .elementor-drop-cap{color:#69727d;border:3px solid;background-color:transparent}.elementor-widget-text-editor:not(.elementor-drop-cap-view-default) .elementor-drop-cap{margin-top:8px}.elementor-widget-text-editor:not(.elementor-drop-cap-view-default) .elementor-drop-cap-letter{width:1em;height:1em}.elementor-widget-text-editor .elementor-drop-cap{float:left;text-align:center;line-height:1;font-size:50px}.elementor-widget-text-editor .elementor-drop-cap-letter{display:inline-block}<\/style>\t\t\t\t<p>Suzana Marjani\u0107, <b>Kronotop of Croatian performance: from Traveler till today<\/b>, Institute for ethnology and folclore \u2013 Association Bijeli val \u2013 \u0160kolska knjiga, 2014<\/p>\n<p>Vi\u0161nja Slavica Gabout, <b>Palletes<\/b>, Gallery Kopjar, Zagreb, 25.04.-03.05.2013<\/p>\n<p>Suzana Marjani\u0107, <b>Interview with the group Poskok<\/b>, magazine for culture and social matters Zarez, 2013.<\/p>\n<p>Vanja Babi\u0107, <b>Beyond shapes<\/b>, Matrix Croatica Gallery, Zagreb, 23.11.-3.12.2011<\/p>\n<p>Vanja Babi\u0107, <b>Matrix Croatica Gallery<\/b>, Zagreb, 12.-23.09.2008<\/p>\n<p>Suzana Milevska, <b>Buzek Comedy Club<\/b>, (catalogue), International Biennale of Contemporary Art, National Gallery, Prague, 2005<\/p>\n<p>Enes Quien, <b>Thinking Postmodernism<\/b>, (catalogue), Exhibition Space of the Tax Administration, Zagreb, 2005.<\/p>\n<p>Barbara Steiner, <b>I am here and you are there&#8230;<\/b>, (catalogue), Gallery of contemporary art Leipzig, Leipzig, 2004<\/p>\n<p>Milo\u0161 \u0110ur\u0111evi\u0107, <b>Midday Shower \u2013 literary criticism and essays<\/b>, Pop &amp; Pop, Zagreb, 2003.<\/p>\n<p>Vladimir Velickovski, <b>Art groups in Macedonia<\/b>, Edition Psike, Museum of contemporary art, Skopje 2003<\/p>\n<p>Robert Zlovic, <b>Citate in Zdenko Bu\u017eek&#8217;s works<\/b>, (catalogue), Gallery Miroslav Kraljevic, Zagreb, 2003<\/p>\n<p>Milos Djurdjevic, <b>Zdenko Buzek&#8217;s textual replicas<\/b>, (catalogue), Gallery Miroslav Kraljevic, Zagreb, 2003<\/p>\n<p>Milos Djurdjevic, <b>Reading as an art technique<\/b>, (catalogue), Gallery VN, Zagreb, January 2003<\/p>\n<p>Davor Krelja, <b>Statement about Zdenko Buzek&#8217;s exhibition\/performance &#8220;Davor Krelja&#8221;,<\/b> (catalogue), Gallery Miroslav Kraljevic, Zagreb, 2000<\/p>\n<p>Konca Pirkoska, <b>Four Autopsychoanalysis<\/b>, (catalogue), Fremantle Arts Centre, Fremantle, Western Australia, 18th November &#8211; 12th December 2000<\/p>\n<p>Vanja Babic, <b>Closed for public<\/b>, (catalogue), Matrix Croatica Gallery, Zagreb, 25.-29.2.2000<\/p>\n<p>Nina Butic, <b>Biographies<\/b>, mag for cult and soc matters Zarez I\/19, Zagreb, 25.11.1999<\/p><p>Suzana Milevska, <b>Life is life or how to do things with words<\/b>, (catalogue), Gallery VN, Zagreb, 28.10.-13.11.1999<\/p>\n<p>Magnus B\u00e4rtas, <b>Who is Zdenko Buzek?<\/b>, (catalogue), Gallery VN, Zagreb, 28.10.-13.11.1999<\/p>\n<p>Suzana Milevska, <b>Always Already Apocalypse<\/b>, (catalogue), Institute for Earthquake Engineering and Engineer Seismology, Skopje, 26.7.1999; Y\u00fcksel Sabanci Art Center, Istanbul, 18.9.1999<\/p>\n<p>Nina Butic, <b>Working on eternal issues<\/b>, mag for cult and soc matters Zarez I\/11, Zagreb, 1999<\/p>\n<p>Vanja Babic, <b>Group Circle<\/b>, (catalogue), Matrix Croatica Gallery, Zagreb, 15.6.1999<\/p>\n<p>Vladimir Velickovski, <b>Fragmented values (toward study of conceptualism and Macedonian art)<\/b>, mag for visual art The Large Glass 7\/8, Skopje, 1998<\/p>\n<p>Lazo Plavevski, <b>Zdenko Buzek (Tito &#8211; Buzek),<\/b> mag for visual art The Large Glass 7\/8, Skopje, 1998<\/p>\n<p>Milou Allerholm, <strong>Stories about little heroes<\/strong>, Dagens Nyheter, Stockholm, 24.8.1998<\/p>\n<p>Hakan Nilsson, <b>Artists as story tellers<\/b>, Swenska Dagbladet, Stockholm, 22.8.1998<\/p>\n<p>Suzana Milevska, <b>Little big stories<\/b>, (catalogue), National University Library, Skopje, 28.7.1998; Riksarkivet, Stockholm, 15.-25.8.1998<\/p>\n<p>Suzana Milevska, <b>Was Tito a postmodernist?<\/b>, weekly magazine Forum, Skopje, 27.3.1998<\/p>\n<p>Suzana Milevska, <b>Tito and Buzek, postmodernists?<\/b>, (catalogue), Skopje, 21.3.1998<\/p>\n<p>Enes Quien, <b>Holes in Conscience<\/b>, art mag Kontura, Zagreb, autumn 1997<\/p>\n<p>Enes Quien, <b>Chaotic Appearances<\/b>, (catalogue), Matrix Croatica Gallery, Zagreb, 12.12.1997<\/p>\n<p>Konca Pirkoska and Suzana Milevska, <b>Cifte Hamam 3<\/b>, (catalogue), Cifte Hamam, Skopje, 27.5.-5.6.1997<\/p>\n<p>M. Andonovska, <b>Autonomous &amp; together<\/b>, Vecer, Skopje, 16.7.1996<\/p>\n<p>Lazo Plavevski, <b>Group Circle<\/b>, (catalogue), Museum of the city of Skopje, Skopje, July 1996<\/p>\n<p>Viktorija Vaseva Dimeska, <b>Circle<\/b>, (catalogue), Gallery Stobi, Skopje, 9.-22.9.1995<\/p>\n<p>Sanda Stanacev, <b>Zdenko Buzek<\/b>, art mag Kontura, Zagreb, January-February 1995<\/p>\n<p>Goran Blagus, <b>Color Circles<\/b>, Vjesnik, Zagreb, 16.1.1995<\/p>\n<p>S. Nikitovic, <b>Gay Hedonism<\/b>, Vecernji list, Zagreb, 11.1.1995<\/p>\n<p>Enes Quien, <b>Today&#8217;s Broken Mirrors<\/b>, (catalogue), Gallery Miroslav Kraljevic, Zagreb, 5.-23.1.1995<\/p>\n<p>Enes Quien, <b>The Posthistoric Cycle,<\/b> (catalogue), Gallery Cekao, Zagreb, 14.9.-18.10.1993<\/p>\n<p>Ana Lendvaj, <b>From known to new,<\/b> Vecernji list, Zagreb, 28.5.1992<\/p>\n<p>Nada Beros, <b>The Choice of the week<\/b>, Novi Vjesnik, Zagreb, 20.5.1992<\/p>\n<p>Milos Djurdjevic, <b>Culture<\/b>, Radio 101, Zagreb, 16.5.1992<\/p>\n<p>Damir Grubic, <b>The Posthistoric Cycle<\/b>, (catalogue), Salon of the Gallery Karas, Zagreb, 14.-31.5.1992<\/p>\n<p>Hrvoje Bozicevic, <b>Who Are You Mr. Umpah Pah?!<\/b>, (catalogue of the 21st youth salon), Gallery Karas, Zagreb, 10.-28.10.1989<\/p>\n<p>Maja Povrzanovic, <b>Image and word on clothing: messages to the ethnologist &#8211; contribution to the study of Contemporary Folklore in Croatia<\/b>, Institute of Folklore Research, Zagreb, 1988<\/p>\n<p>S. Nikitovic, <b>Second part<\/b>, Vecernji list, Zagreb, 9.12.1988<\/p>\n<p>Tonko Maroevic, <b>Zdenko Buzek,<\/b> (catalogue), Studio of the Gallery Karas, Zagreb, 26.9.-5.10.1988<\/p>\n<p>Tonko Maroevic, <b>Zdenko Buzek<\/b>, (catalogue), Gallery VN, Zagreb, 7.-27.3.1985<\/p>\n<p>Tonko Maroevic, <b>Zdenko Buzek<\/b>, (catalogue), Bookshop Mladost, Zagreb, 3.1.-1.2.1983<\/p>\t\t\t\t\t\t<\/div>\n\t\t\t\t<\/div>\n\t\t\t\t\t<\/div>\n\t\t<\/div>\n\t\t\t\t\t<\/div>\n\t\t<\/section>\n\t\t\t\t\t<\/div>\n\t\t<\/div>\n\t\t\t\t<div class=\"elementor-column elementor-col-50 elementor-top-column elementor-element elementor-element-8612d5b\" data-id=\"8612d5b\" data-element_type=\"column\">\n\t\t\t<div class=\"elementor-widget-wrap elementor-element-populated\">\n\t\t\t\t\t\t<section class=\"elementor-section elementor-inner-section elementor-element elementor-element-3f207a7 elementor-section-boxed elementor-section-height-default elementor-section-height-default\" data-id=\"3f207a7\" data-element_type=\"section\">\n\t\t\t\t\t\t<div class=\"elementor-container elementor-column-gap-default\">\n\t\t\t\t\t<div class=\"elementor-column elementor-col-100 elementor-inner-column elementor-element elementor-element-6111f1a\" data-id=\"6111f1a\" data-element_type=\"column\">\n\t\t\t<div class=\"elementor-widget-wrap elementor-element-populated\">\n\t\t\t\t\t\t<div class=\"elementor-element elementor-element-e9b1a29 elementor-widget elementor-widget-image\" data-id=\"e9b1a29\" data-element_type=\"widget\" data-widget_type=\"image.default\">\n\t\t\t\t<div class=\"elementor-widget-container\">\n\t\t\t<style>\/*! elementor - v3.20.0 - 13-03-2024 *\/\n.elementor-widget-image{text-align:center}.elementor-widget-image a{display:inline-block}.elementor-widget-image a img[src$=\".svg\"]{width:48px}.elementor-widget-image img{vertical-align:middle;display:inline-block}<\/style>\t\t\t\t\t\t\t\t\t\t<img fetchpriority=\"high\" decoding=\"async\" width=\"780\" height=\"519\" src=\"https:\/\/www.zdenkobuzek.art\/wp-content\/uploads\/2024\/03\/ZdenkoBuzek2-1024x682.jpg\" class=\"attachment-large size-large wp-image-9528\" alt=\"\" srcset=\"https:\/\/www.zdenkobuzek.art\/wp-content\/uploads\/2024\/03\/ZdenkoBuzek2-1024x682.jpg 1024w, https:\/\/www.zdenkobuzek.art\/wp-content\/uploads\/2024\/03\/ZdenkoBuzek2-300x200.jpg 300w, https:\/\/www.zdenkobuzek.art\/wp-content\/uploads\/2024\/03\/ZdenkoBuzek2-1536x1024.jpg 1536w, https:\/\/www.zdenkobuzek.art\/wp-content\/uploads\/2024\/03\/ZdenkoBuzek2-720x480.jpg 720w, https:\/\/www.zdenkobuzek.art\/wp-content\/uploads\/2024\/03\/ZdenkoBuzek2.jpg 2000w\" sizes=\"(max-width: 780px) 100vw, 780px\" \/>\t\t\t\t\t\t\t\t\t\t\t\t\t<\/div>\n\t\t\t\t<\/div>\n\t\t\t\t<div class=\"elementor-element elementor-element-d66f8ed elementor-widget elementor-widget-hub_fancy_heading\" data-id=\"d66f8ed\" data-element_type=\"widget\" data-widget_type=\"hub_fancy_heading.default\">\n\t\t\t\t<div class=\"elementor-widget-container\">\n\t\t\t\n\t\t<div id=\"ld-fancy-heading-69e67f00855ee\" class=\"ld-fancy-heading pos-rel\">\n\t\t\t<p class=\"ld-fh-element d-inline-block pos-rel  lqd-highlight-classic lqd-highlight-grow-left p\"  > Photo: Miodrag Pa\u017ein Cobra<\/p>\t\t<\/div>\n\n\t\t\t\t<\/div>\n\t\t\t\t<\/div>\n\t\t\t\t<div class=\"elementor-element elementor-element-aeeddea elementor-widget-divider--view-line elementor-widget elementor-widget-divider\" data-id=\"aeeddea\" data-element_type=\"widget\" data-widget_type=\"divider.default\">\n\t\t\t\t<div class=\"elementor-widget-container\">\n\t\t\t<style>\/*! elementor - v3.20.0 - 13-03-2024 *\/\n.elementor-widget-divider{--divider-border-style:none;--divider-border-width:1px;--divider-color:#0c0d0e;--divider-icon-size:20px;--divider-element-spacing:10px;--divider-pattern-height:24px;--divider-pattern-size:20px;--divider-pattern-url:none;--divider-pattern-repeat:repeat-x}.elementor-widget-divider .elementor-divider{display:flex}.elementor-widget-divider .elementor-divider__text{font-size:15px;line-height:1;max-width:95%}.elementor-widget-divider .elementor-divider__element{margin:0 var(--divider-element-spacing);flex-shrink:0}.elementor-widget-divider .elementor-icon{font-size:var(--divider-icon-size)}.elementor-widget-divider .elementor-divider-separator{display:flex;margin:0;direction:ltr}.elementor-widget-divider--view-line_icon .elementor-divider-separator,.elementor-widget-divider--view-line_text .elementor-divider-separator{align-items:center}.elementor-widget-divider--view-line_icon .elementor-divider-separator:after,.elementor-widget-divider--view-line_icon .elementor-divider-separator:before,.elementor-widget-divider--view-line_text .elementor-divider-separator:after,.elementor-widget-divider--view-line_text .elementor-divider-separator:before{display:block;content:\"\";border-block-end:0;flex-grow:1;border-block-start:var(--divider-border-width) var(--divider-border-style) var(--divider-color)}.elementor-widget-divider--element-align-left .elementor-divider .elementor-divider-separator>.elementor-divider__svg:first-of-type{flex-grow:0;flex-shrink:100}.elementor-widget-divider--element-align-left .elementor-divider-separator:before{content:none}.elementor-widget-divider--element-align-left .elementor-divider__element{margin-left:0}.elementor-widget-divider--element-align-right .elementor-divider .elementor-divider-separator>.elementor-divider__svg:last-of-type{flex-grow:0;flex-shrink:100}.elementor-widget-divider--element-align-right .elementor-divider-separator:after{content:none}.elementor-widget-divider--element-align-right .elementor-divider__element{margin-right:0}.elementor-widget-divider--element-align-start .elementor-divider .elementor-divider-separator>.elementor-divider__svg:first-of-type{flex-grow:0;flex-shrink:100}.elementor-widget-divider--element-align-start .elementor-divider-separator:before{content:none}.elementor-widget-divider--element-align-start .elementor-divider__element{margin-inline-start:0}.elementor-widget-divider--element-align-end .elementor-divider .elementor-divider-separator>.elementor-divider__svg:last-of-type{flex-grow:0;flex-shrink:100}.elementor-widget-divider--element-align-end .elementor-divider-separator:after{content:none}.elementor-widget-divider--element-align-end .elementor-divider__element{margin-inline-end:0}.elementor-widget-divider:not(.elementor-widget-divider--view-line_text):not(.elementor-widget-divider--view-line_icon) .elementor-divider-separator{border-block-start:var(--divider-border-width) var(--divider-border-style) var(--divider-color)}.elementor-widget-divider--separator-type-pattern{--divider-border-style:none}.elementor-widget-divider--separator-type-pattern.elementor-widget-divider--view-line .elementor-divider-separator,.elementor-widget-divider--separator-type-pattern:not(.elementor-widget-divider--view-line) .elementor-divider-separator:after,.elementor-widget-divider--separator-type-pattern:not(.elementor-widget-divider--view-line) .elementor-divider-separator:before,.elementor-widget-divider--separator-type-pattern:not([class*=elementor-widget-divider--view]) .elementor-divider-separator{width:100%;min-height:var(--divider-pattern-height);-webkit-mask-size:var(--divider-pattern-size) 100%;mask-size:var(--divider-pattern-size) 100%;-webkit-mask-repeat:var(--divider-pattern-repeat);mask-repeat:var(--divider-pattern-repeat);background-color:var(--divider-color);-webkit-mask-image:var(--divider-pattern-url);mask-image:var(--divider-pattern-url)}.elementor-widget-divider--no-spacing{--divider-pattern-size:auto}.elementor-widget-divider--bg-round{--divider-pattern-repeat:round}.rtl .elementor-widget-divider .elementor-divider__text{direction:rtl}.e-con-inner>.elementor-widget-divider,.e-con>.elementor-widget-divider{width:var(--container-widget-width,100%);--flex-grow:var(--container-widget-flex-grow)}<\/style>\t\t<div class=\"elementor-divider\">\n\t\t\t<span class=\"elementor-divider-separator\">\n\t\t\t\t\t\t<\/span>\n\t\t<\/div>\n\t\t\t\t<\/div>\n\t\t\t\t<\/div>\n\t\t\t\t<div class=\"elementor-element elementor-element-a5b261c elementor-widget elementor-widget-hub_fancy_heading\" data-id=\"a5b261c\" data-element_type=\"widget\" data-widget_type=\"hub_fancy_heading.default\">\n\t\t\t\t<div class=\"elementor-widget-container\">\n\t\t\t\n\t\t<div id=\"ld-fancy-heading-69e67f0085f71\" class=\"ld-fancy-heading pos-rel\">\n\t\t\t<h5 class=\"ld-fh-element d-inline-block pos-rel  elementor-heading-title lqd-highlight-classic lqd-highlight-grow-left h5\"  > Izabrani prozni radovi<\/h5>\t\t<\/div>\n\n\t\t\t\t<\/div>\n\t\t\t\t<\/div>\n\t\t\t\t<div class=\"elementor-element elementor-element-e70c7ab elementor-widget elementor-widget-text-editor\" data-id=\"e70c7ab\" data-element_type=\"widget\" data-widget_type=\"text-editor.default\">\n\t\t\t\t<div class=\"elementor-widget-container\">\n\t\t\t\t\t\t\t<p><b>Witze<\/b>, Gallery of contemporary art Leipzig, Leipzig, 2004<\/p>\n<p><b>Metropolitan adventures<\/b>, Edition Id, Zagreb 2003<\/p>\n<p><b>Texts for nothing by Samuel Beckett<\/b>, Edition Id, Zagreb 2003<\/p>\n<p><b>Finished Castle by Franz Kafka<\/b>, together with Robert Zlovic, Edition Id, Zagreb 2003<\/p>\n<p><b>First part of The Idiot by Fyodor Mickhailovich Dostoyevsky,<\/b> second edition, Edition Id, Zagreb 2003<\/p>\n<p><b>Jokes, Edition Id, Zagreb 2003<\/b> <b><\/b><\/p>\n<p><b>Metropolitan adventures<\/b>, Edition Id, Zagreb 2003 <b><\/b><\/p>\n<p><b>Anthology of the Croatian Fragment of the eighties<\/b>, Edition Id, Zagreb 2003 <b><\/b><\/p>\n<p><b>The Children of the Traffic Light,<\/b> minimal prose, Edition Quorum, Zagreb, 1990<\/p>\n<p><b>First part of The Idiot by Fyodor Mickhailovich Dostoyevsky<\/b>, reprint, Edition Id, Zagreb 2002<\/p>\n<p><b>Anthology of the Croatian Fragment of the eighties<\/b>, magazine for lititerature Quorum No 5\/6 (28\/29), Zagreb, 1989<\/p>\n<p><b>Zdenko Buzek&#8217;s Full Statement of the Case<\/b> &#8211; The Correction of Robert Louis Stevenson&#8217;s novel <b>The Strange Case of Dr. Jekyll and Mr. Hyde<\/b>, magazine for literature Republika No 11-12, Zagreb, November &#8211; December 1987<\/p>\n<p><b>The Manifest of the Source of the Experience<\/b>, magazine for lititerature Quorum No ****\/1, Zagreb, 1986<\/p>\n<p><b>Torpedo<\/b>, fragments, Edition Pegaz, Belgrade 1985<\/p>\n\t\t\t\t\t\t<\/div>\n\t\t\t\t<\/div>\n\t\t\t\t<div class=\"elementor-element elementor-element-348acf5 elementor-widget-divider--view-line elementor-widget elementor-widget-divider\" data-id=\"348acf5\" data-element_type=\"widget\" data-widget_type=\"divider.default\">\n\t\t\t\t<div class=\"elementor-widget-container\">\n\t\t\t\t\t<div class=\"elementor-divider\">\n\t\t\t<span class=\"elementor-divider-separator\">\n\t\t\t\t\t\t<\/span>\n\t\t<\/div>\n\t\t\t\t<\/div>\n\t\t\t\t<\/div>\n\t\t\t\t<div class=\"elementor-element elementor-element-9ae834f elementor-widget elementor-widget-hub_fancy_heading\" data-id=\"9ae834f\" data-element_type=\"widget\" data-widget_type=\"hub_fancy_heading.default\">\n\t\t\t\t<div class=\"elementor-widget-container\">\n\t\t\t\n\t\t<div id=\"ld-fancy-heading-69e67f0086ab3\" class=\"ld-fancy-heading pos-rel\">\n\t\t\t<h5 class=\"ld-fh-element d-inline-block pos-rel  elementor-heading-title lqd-highlight-classic lqd-highlight-grow-left h5\"  > Collections<\/h5>\t\t<\/div>\n\n\t\t\t\t<\/div>\n\t\t\t\t<\/div>\n\t\t\t\t<div class=\"elementor-element elementor-element-0e9a7b4 elementor-widget elementor-widget-text-editor\" data-id=\"0e9a7b4\" data-element_type=\"widget\" data-widget_type=\"text-editor.default\">\n\t\t\t\t<div class=\"elementor-widget-container\">\n\t\t\t\t\t\t\t<p><strong>Museums:<br \/><\/strong>Skopje City Museum, Skopje, Macedonia; <br \/>Museum of Contemporary Art, Skopje, Macedonia.<\/p>\n<p><strong>Galleries<\/strong> <br \/>Yuksel Sabanci art center, Istanbul, Turkey; <br \/>Gallery of Contemporary Art, Leipzig, Germany; <br \/>VN Gallery, Zagreb, Croatia; <br \/>Gallery Miroslav Kraljevi\u0107, Zagreb, Croatia; <br \/>Matica Hrvatska Gallery, Zagreb, Croatia.<\/p>\n<p><strong>Private collections:<\/strong> <br \/>Croatia, USA, Germany, Italy, Belgium, Netherlands, Sweden, Macedonia, Bulgaria, Serbia, Australia, Slovenia, Great Britain, Brazil.<\/p>\n\t\t\t\t\t\t<\/div>\n\t\t\t\t<\/div>\n\t\t\t\t<div class=\"elementor-element elementor-element-da0772e elementor-widget-divider--view-line elementor-widget elementor-widget-divider\" data-id=\"da0772e\" data-element_type=\"widget\" data-widget_type=\"divider.default\">\n\t\t\t\t<div class=\"elementor-widget-container\">\n\t\t\t\t\t<div class=\"elementor-divider\">\n\t\t\t<span class=\"elementor-divider-separator\">\n\t\t\t\t\t\t<\/span>\n\t\t<\/div>\n\t\t\t\t<\/div>\n\t\t\t\t<\/div>\n\t\t\t\t<div class=\"elementor-element elementor-element-ee744e1 elementor-widget elementor-widget-hub_fancy_heading\" data-id=\"ee744e1\" data-element_type=\"widget\" data-widget_type=\"hub_fancy_heading.default\">\n\t\t\t\t<div class=\"elementor-widget-container\">\n\t\t\t\n\t\t<div id=\"ld-fancy-heading-69e67f00875bc\" class=\"ld-fancy-heading pos-rel\">\n\t\t\t<h5 class=\"ld-fh-element d-inline-block pos-rel  elementor-heading-title lqd-highlight-classic lqd-highlight-grow-left h5\"  > Bibliography of prose works<\/h5>\t\t<\/div>\n\n\t\t\t\t<\/div>\n\t\t\t\t<\/div>\n\t\t\t\t<div class=\"elementor-element elementor-element-7fd8bf9 elementor-widget elementor-widget-text-editor\" data-id=\"7fd8bf9\" data-element_type=\"widget\" data-widget_type=\"text-editor.default\">\n\t\t\t\t<div class=\"elementor-widget-container\">\n\t\t\t\t\t\t\t<p><strong>Kre\u0161imir Bagi\u0107<\/strong>, <em><strong>Prose of the Quorum generation: 1. minimalist prose 1970 \u2013 2010.<\/strong><\/em>, \u0160kolska knjiga, Zagreb, 2016<\/p>\n<p><strong>Barbara Steiner<em>, Witze,<\/em><\/strong> preface to the book of jokes for the German edition, Gallery of contemporary art Leipzig, Leipzig, 2004<\/p>\n<p><strong>Kre\u0161imir Bagi\u0107, <em>Postmen of light sleep &#8211; prose of the Quorum generation: 1. minimalist prose <\/em><\/strong>, literary magazine Quorum No 2-3, Zagreb 1996<\/p>\n<p><strong>Vlaho Bogi\u0161i\u0107, <em>Four dimensions of doubt<\/em>,<\/strong> Edition Quorum, 1987, p 252-254<\/p>\n<p><strong>Branko \u010cegec, <em>Five riders of Apocalypse &#8211; selection of the young prose production<\/em><\/strong>, magazine for lititerature Republika No 11-12, Zagreb, November &#8211; December 1987<\/p>\n<p><strong>Miroslav Mi\u010danovi\u0107, <em>The reader of his own book (Torpedo)<\/em><\/strong>, magazine for lititerature Republika No 5-6, Zagreb, May-June 1987<\/p>\n<p><strong>Nenad Bartol\u010di\u0107, <em>Torpedo,<\/em><\/strong> magazine for lititerature Quorum No 1-2, Zagreb, 1987<\/p>\n<p><strong>Vlaho Bogi\u0161i\u0107, <em>Justified! (Torpedo)<\/em><\/strong><em>,<\/em> magazine for culture and social matters Oko, Zagreb, 27.3.-10.4.1986<\/p>\n<p><strong>Miodrag Jaukovi\u0107, <em>In the sign of minimalism (Torpedo)<\/em><\/strong>, Knji\u017eevne novine No 713-714, Belgrade, 1986<\/p>\n<p><strong>Branko Male\u0161, <em>Short prose<\/em>,<\/strong> (Z.Buzek, E.Popovic, P.Vrabec), magazine for lititerature Republika No7\/8, Zagreb, July-August 1984<\/p>\n<p><strong>Branko Male\u0161, <em>New novelists<\/em><\/strong>, magazine for lititerature Republika No 4, Zagreb, April 1983<\/p>\n\t\t\t\t\t\t<\/div>\n\t\t\t\t<\/div>\n\t\t\t\t\t<\/div>\n\t\t<\/div>\n\t\t\t\t\t<\/div>\n\t\t<\/section>\n\t\t\t\t\t<\/div>\n\t\t<\/div>\n\t\t\t\t\t<\/div>\n\t\t<\/section>\n\t\t\t\t<\/div>\n\t\t","protected":false},"excerpt":{"rendered":"<p>Bibliography Suzana Marjani\u0107, Kronotop of Croatian performance: from Traveler till today, Institute for ethnology and folclore \u2013 Association Bijeli val \u2013 \u0160kolska knjiga, 2014 Vi\u0161nja Slavica Gabout, Palletes, Gallery Kopjar, Zagreb, 25.04.-03.05.2013 Suzana Marjani\u0107, Interview with the group Poskok, magazine for culture and social matters Zarez, 2013. Vanja Babi\u0107, Beyond shapes, Matrix Croatica Gallery, Zagreb, [&hellip;]<\/p>\n","protected":false},"author":1,"featured_media":0,"parent":9716,"menu_order":0,"comment_status":"closed","ping_status":"closed","template":"","meta":{"footnotes":""},"class_list":["post-9719","page","type-page","status-publish","hentry"],"_links":{"self":[{"href":"https:\/\/www.zdenkobuzek.art\/en\/wp-json\/wp\/v2\/pages\/9719","targetHints":{"allow":["GET"]}}],"collection":[{"href":"https:\/\/www.zdenkobuzek.art\/en\/wp-json\/wp\/v2\/pages"}],"about":[{"href":"https:\/\/www.zdenkobuzek.art\/en\/wp-json\/wp\/v2\/types\/page"}],"author":[{"embeddable":true,"href":"https:\/\/www.zdenkobuzek.art\/en\/wp-json\/wp\/v2\/users\/1"}],"replies":[{"embeddable":true,"href":"https:\/\/www.zdenkobuzek.art\/en\/wp-json\/wp\/v2\/comments?post=9719"}],"version-history":[{"count":8,"href":"https:\/\/www.zdenkobuzek.art\/en\/wp-json\/wp\/v2\/pages\/9719\/revisions"}],"predecessor-version":[{"id":9824,"href":"https:\/\/www.zdenkobuzek.art\/en\/wp-json\/wp\/v2\/pages\/9719\/revisions\/9824"}],"up":[{"embeddable":true,"href":"https:\/\/www.zdenkobuzek.art\/en\/wp-json\/wp\/v2\/pages\/9716"}],"wp:attachment":[{"href":"https:\/\/www.zdenkobuzek.art\/en\/wp-json\/wp\/v2\/media?parent=9719"}],"curies":[{"name":"wp","href":"https:\/\/api.w.org\/{rel}","templated":true}]}}