{"id":9712,"date":"2022-04-14T09:20:44","date_gmt":"2022-04-14T07:20:44","guid":{"rendered":"https:\/\/www.zdenkobuzek.art\/galleries\/"},"modified":"2024-04-10T06:59:02","modified_gmt":"2024-04-10T06:59:02","slug":"galleries","status":"publish","type":"page","link":"https:\/\/www.zdenkobuzek.art\/en\/galleries\/","title":{"rendered":"Galleries"},"content":{"rendered":"\t\t<div data-elementor-type=\"wp-page\" data-elementor-id=\"9712\" class=\"elementor elementor-9712 elementor-8047\">\n\t\t\t\t\t\t<section class=\"elementor-section elementor-top-section elementor-element elementor-element-4d95f46 elementor-section-boxed elementor-section-height-default elementor-section-height-default\" data-id=\"4d95f46\" data-element_type=\"section\" data-settings=\"{&quot;background_background&quot;:&quot;classic&quot;}\">\n\t\t\t\t\t\t<div class=\"elementor-container elementor-column-gap-default\">\n\t\t\t\t\t<div class=\"elementor-column elementor-col-100 elementor-top-column elementor-element elementor-element-3c32120\" data-id=\"3c32120\" data-element_type=\"column\">\n\t\t\t<div class=\"elementor-widget-wrap elementor-element-populated\">\n\t\t\t\t\t\t<div class=\"elementor-element elementor-element-a0855c3 elementor-widget elementor-widget-hub_fancy_heading\" data-id=\"a0855c3\" data-element_type=\"widget\" data-widget_type=\"hub_fancy_heading.default\">\n\t\t\t\t<div class=\"elementor-widget-container\">\n\t\t\t\n\t\t<div id=\"ld-fancy-heading-69e67d7884929\" class=\"ld-fancy-heading pos-rel\">\n\t\t\t<h1 class=\"ld-fh-element d-inline-block pos-rel  elementor-heading-title lqd-highlight-classic lqd-highlight-grow-left h1\"  > Galleries<\/h1>\t\t<\/div>\n\n\t\t\t\t<\/div>\n\t\t\t\t<\/div>\n\t\t\t\t<div class=\"elementor-element elementor-element-68ab9c3 elementor-widget elementor-widget-ld_portfolio\" data-id=\"68ab9c3\" data-element_type=\"widget\" data-widget_type=\"ld_portfolio.default\">\n\t\t\t\t<div class=\"elementor-widget-container\">\n\t\t\t\t\t\t\r\n<div class=\"liquid-filter-items align-items-center lqd-filter-style-default\">\t\r\n\t<div class=\"liquid-filter-items-inner flex-grow-1\">\r\n\t\t\r\n\t\t\r\n\t\t<ul class=\"filter-list filter-list-inline filter-list-scheme-light   d-flex align-items-center hidden-xs hidden-sm\" id=\"pf-filter-109754819\">\r\n\t\t\t<li class=\"active\" data-filter=\"*\"><span>All<\/span><\/li>\r\n\t\t\t<li data-filter=\".abstract-compositions\"><span>Abstract compositions<\/span><\/li><li data-filter=\".assemblages\"><span>Assemblages<\/span><\/li><li data-filter=\".beyond-shapes\"><span>Beyond shapes<\/span><\/li><li data-filter=\".dissolving-in-light\"><span>Dissolving in light<\/span><\/li><li data-filter=\".happy-picture-2025\"><span>Happy picture 2025<\/span><\/li><li data-filter=\".kaoticne-pojave-en\"><span>Kaoti\u010dne pojave<\/span><\/li><li data-filter=\".pedestrian-underpass-of-the-future\"><span>Pedestrian Underpass of the Future<\/span><\/li><li data-filter=\".pictures-in-interiors\"><span>Pictures in interiors<\/span><\/li><li data-filter=\".selected-works\"><span>Selected works<\/span><\/li><li data-filter=\".united-colors-of-buzek-en\"><span>United colors of Bu\u017eek<\/span><\/li>\t\t<\/ul>\r\n\r\n\t\t<div class=\"lqd-filter-dropdown visible-xs visible-sm\" data-form-options='{ \"dropdownAppendTo\": \"self\" }'>\r\n\t\t\t<select name=\"lqd-filter-dropdown-pf-filter-109754819\" id=\"lqd-filter-dropdown-pf-filter-109754819\">\r\n\t\t\t\t<option selected data-filter=\"*\" value=\"*\">All<\/option>\r\n\t\t\t\t<option data-filter=\".abstract-compositions\" value=\".abstract-compositions\">Abstract compositions<\/option><option data-filter=\".assemblages\" value=\".assemblages\">Assemblages<\/option><option data-filter=\".beyond-shapes\" value=\".beyond-shapes\">Beyond shapes<\/option><option data-filter=\".dissolving-in-light\" value=\".dissolving-in-light\">Dissolving in light<\/option><option data-filter=\".happy-picture-2025\" value=\".happy-picture-2025\">Happy picture 2025<\/option><option data-filter=\".kaoticne-pojave-en\" value=\".kaoticne-pojave-en\">Kaoti\u010dne pojave<\/option><option data-filter=\".pedestrian-underpass-of-the-future\" value=\".pedestrian-underpass-of-the-future\">Pedestrian Underpass of the Future<\/option><option data-filter=\".pictures-in-interiors\" value=\".pictures-in-interiors\">Pictures in interiors<\/option><option data-filter=\".selected-works\" value=\".selected-works\">Selected works<\/option><option data-filter=\".united-colors-of-buzek-en\" value=\".united-colors-of-buzek-en\">United colors of Bu\u017eek<\/option>\t\t\t<\/select>\r\n\t\t<\/div>\r\n\t\t\t\r\n\t\t\t\t\t\t\t\r\n\t\t\t\r\n\t<\/div>\r\n<\/div><div class=\"carousel-container\"><div class=\"carousel-items pos-rel\" data-lqd-flickity='{ \"equalHeightCells\": true, \"filters\": \"#pf-filter-109754819\", \"prevNextButtons\": true, \"navArrow\": 6, \"fullwidthSide\": true, \"buttonsAppendTo\": \"#pf-filter-109754819\" }'><div class=\"flickity-viewport pos-rel w-100\"><div class=\"flickity-slider d-flex w-100 h-100\" style=\"left: 0; transform: translateX(0%);\"><div class=\"carousel-item col-lg-6 col-md-6 col-xs-12 pedestrian-underpass-of-the-future\">\n\n\t<div class=\"carousel-item-inner\">\n\t\t<div class=\"carousel-item-content\">\n\n\t\t\t<article id=\"post-9960\" class=\"lqd-pf-item lqd-pf-item-style-3 lqd-pf-overlay-bg-scale lqd-pf-content-v lqd-pf-light pf-details-h-str post-9960 liquid-portfolio type-liquid-portfolio status-publish format-standard has-post-thumbnail hentry liquid-portfolio-category-pedestrian-underpass-of-the-future\">\n\t\t\t\t<div class=\"lqd-pf-item-inner\">\n\n\t\t\t\t\t<div class=\"lqd-pf-img overflow-hidden border-radius-6 pos-rel mb-5\">\n\t\t\t\t\t\t<figure>\n\t\t\t\t\t\t\t<figure  class=\"lqd-overlay\"><img fetchpriority=\"high\" decoding=\"async\" width=\"640\" height=\"600\" src=\"https:\/\/www.zdenkobuzek.art\/wp-content\/uploads\/2025\/03\/15-FotoSZ-640x600.jpg\" class=\"w-100 h-100 objfit-cover objfit-center wp-post-image\" alt=\"\" \/><\/figure>\t\t\t\t\t\t<\/figure>\n\n\t\t\t\t\t\t<span class=\"lqd-pf-overlay-bg lqd-overlay d-flex align-items-center justify-content-center\">\n\t\t\t\t\t\t\t<i class=\"lqd-icn-ess icon-md-arrow-forward\"><\/i>\n\t\t\t\t\t\t<\/span>\n\n\t\t\t\t\t<\/div>\n\n\t\t\t\t\t<div class=\"lqd-pf-details\">\n\t\t\t\t\t\t\t\t\t\t\t\t<h2 class=\"lqd-pf-title mt-0 mb-1 h5\">Pedestrian Underpass of the Future<\/h2>\t\t\t\t\t\t<ul class=\"reset-ul inline-nav lqd-pf-cat d-inline-flex pos-rel z-index-2\"><li><a href=\"https:\/\/www.zdenkobuzek.art\/en\/portfolio-category\/pedestrian-underpass-of-the-future\/\">Pedestrian Underpass of the Future<\/a><\/li><\/ul>\t\t\t\t\t<\/div>\n\n\t\t\t\t\t<a href=\"https:\/\/www.zdenkobuzek.art\/en\/portfolio\/pedestrian-underpass-of-the-future\/\"  class=\"lqd-overlay lqd-pf-overlay-link lqd-cc-label-trigger\" data-cc-icon-color=\"\"><\/a>\n\t\t\t\t<\/div>\n\t\t\t<\/article>\n\n\t\t<\/div>\n\t<\/div>\n\n<\/div><div class=\"carousel-item col-lg-6 col-md-6 col-xs-12 happy-picture-2025\">\n\n\t<div class=\"carousel-item-inner\">\n\t\t<div class=\"carousel-item-content\">\n\n\t\t\t<article id=\"post-9958\" class=\"lqd-pf-item lqd-pf-item-style-3 lqd-pf-overlay-bg-scale lqd-pf-content-v lqd-pf-light pf-details-h-str post-9958 liquid-portfolio type-liquid-portfolio status-publish format-standard has-post-thumbnail hentry liquid-portfolio-category-happy-picture-2025\">\n\t\t\t\t<div class=\"lqd-pf-item-inner\">\n\n\t\t\t\t\t<div class=\"lqd-pf-img overflow-hidden border-radius-6 pos-rel mb-5\">\n\t\t\t\t\t\t<figure>\n\t\t\t\t\t\t\t<figure  class=\"lqd-overlay\"><img decoding=\"async\" width=\"640\" height=\"600\" src=\"data:image\/svg+xml;charset=utf-8,%3Csvg xmlns%3D&#039;http%3A%2F%2Fwww.w3.org%2F2000%2Fsvg&#039; viewBox%3D&#039;0 0 640 600&#039;%2F%3E\" class=\"w-100 h-100 objfit-cover objfit-center ld-lazyload wp-post-image\" alt=\"\" data-src=\"https:\/\/www.zdenkobuzek.art\/wp-content\/uploads\/2025\/03\/2-Foto-K.-Golubic\u0301-640x600.jpg\" data-aspect=\"1.0666666666667\" \/><\/figure>\t\t\t\t\t\t<\/figure>\n\n\t\t\t\t\t\t<span class=\"lqd-pf-overlay-bg lqd-overlay d-flex align-items-center justify-content-center\">\n\t\t\t\t\t\t\t<i class=\"lqd-icn-ess icon-md-arrow-forward\"><\/i>\n\t\t\t\t\t\t<\/span>\n\n\t\t\t\t\t<\/div>\n\n\t\t\t\t\t<div class=\"lqd-pf-details\">\n\t\t\t\t\t\t\t\t\t\t\t\t<h2 class=\"lqd-pf-title mt-0 mb-1 h5\">Happy picture 2025<\/h2>\t\t\t\t\t\t<ul class=\"reset-ul inline-nav lqd-pf-cat d-inline-flex pos-rel z-index-2\"><li><a href=\"https:\/\/www.zdenkobuzek.art\/en\/portfolio-category\/happy-picture-2025\/\">Happy picture 2025<\/a><\/li><\/ul>\t\t\t\t\t<\/div>\n\n\t\t\t\t\t<a href=\"https:\/\/www.zdenkobuzek.art\/en\/portfolio\/happy-picture-2025\/\"  class=\"lqd-overlay lqd-pf-overlay-link lqd-cc-label-trigger\" data-cc-icon-color=\"\"><\/a>\n\t\t\t\t<\/div>\n\t\t\t<\/article>\n\n\t\t<\/div>\n\t<\/div>\n\n<\/div><div class=\"carousel-item col-lg-6 col-md-6 col-xs-12 selected-works\">\n\n\t<div class=\"carousel-item-inner\">\n\t\t<div class=\"carousel-item-content\">\n\n\t\t\t<article id=\"post-9708\" class=\"lqd-pf-item lqd-pf-item-style-3 lqd-pf-overlay-bg-scale lqd-pf-content-v lqd-pf-light pf-details-h-str post-9708 liquid-portfolio type-liquid-portfolio status-publish format-standard has-post-thumbnail hentry liquid-portfolio-category-selected-works\">\n\t\t\t\t<div class=\"lqd-pf-item-inner\">\n\n\t\t\t\t\t<div class=\"lqd-pf-img overflow-hidden border-radius-6 pos-rel mb-5\">\n\t\t\t\t\t\t<figure>\n\t\t\t\t\t\t\t<figure  class=\"lqd-overlay\"><img decoding=\"async\" width=\"640\" height=\"600\" src=\"data:image\/svg+xml;charset=utf-8,%3Csvg xmlns%3D&#039;http%3A%2F%2Fwww.w3.org%2F2000%2Fsvg&#039; viewBox%3D&#039;0 0 640 600&#039;%2F%3E\" class=\"w-100 h-100 objfit-cover objfit-center ld-lazyload wp-post-image\" alt=\"\" data-src=\"https:\/\/www.zdenkobuzek.art\/wp-content\/uploads\/2024\/03\/00-Sai-Baba-640x600.jpg\" data-aspect=\"1.0666666666667\" \/><\/figure>\t\t\t\t\t\t<\/figure>\n\n\t\t\t\t\t\t<span class=\"lqd-pf-overlay-bg lqd-overlay d-flex align-items-center justify-content-center\">\n\t\t\t\t\t\t\t<i class=\"lqd-icn-ess icon-md-arrow-forward\"><\/i>\n\t\t\t\t\t\t<\/span>\n\n\t\t\t\t\t<\/div>\n\n\t\t\t\t\t<div class=\"lqd-pf-details\">\n\t\t\t\t\t\t\t\t\t\t\t\t<h2 class=\"lqd-pf-title mt-0 mb-1 h5\">Selected works<\/h2>\t\t\t\t\t\t<ul class=\"reset-ul inline-nav lqd-pf-cat d-inline-flex pos-rel z-index-2\"><li><a href=\"https:\/\/www.zdenkobuzek.art\/en\/portfolio-category\/selected-works\/\">Selected works<\/a><\/li><\/ul>\t\t\t\t\t<\/div>\n\n\t\t\t\t\t<a href=\"https:\/\/www.zdenkobuzek.art\/en\/portfolio\/selected-works\/\"  class=\"lqd-overlay lqd-pf-overlay-link lqd-cc-label-trigger\" data-cc-icon-color=\"\"><\/a>\n\t\t\t\t<\/div>\n\t\t\t<\/article>\n\n\t\t<\/div>\n\t<\/div>\n\n<\/div><div class=\"carousel-item col-lg-6 col-md-6 col-xs-12 dissolving-in-light\">\n\n\t<div class=\"carousel-item-inner\">\n\t\t<div class=\"carousel-item-content\">\n\n\t\t\t<article id=\"post-9706\" class=\"lqd-pf-item lqd-pf-item-style-3 lqd-pf-overlay-bg-scale lqd-pf-content-v lqd-pf-light pf-details-h-str post-9706 liquid-portfolio type-liquid-portfolio status-publish format-standard has-post-thumbnail hentry liquid-portfolio-category-dissolving-in-light\">\n\t\t\t\t<div class=\"lqd-pf-item-inner\">\n\n\t\t\t\t\t<div class=\"lqd-pf-img overflow-hidden border-radius-6 pos-rel mb-5\">\n\t\t\t\t\t\t<figure>\n\t\t\t\t\t\t\t<figure  class=\"lqd-overlay\"><img loading=\"lazy\" decoding=\"async\" width=\"640\" height=\"600\" src=\"data:image\/svg+xml;charset=utf-8,%3Csvg xmlns%3D&#039;http%3A%2F%2Fwww.w3.org%2F2000%2Fsvg&#039; viewBox%3D&#039;0 0 640 600&#039;%2F%3E\" class=\"w-100 h-100 objfit-cover objfit-center ld-lazyload wp-post-image\" alt=\"\" data-src=\"https:\/\/www.zdenkobuzek.art\/wp-content\/uploads\/2024\/03\/VII-9e4d2-20x20-1-640x600.jpg\" data-aspect=\"1.0666666666667\" \/><\/figure>\t\t\t\t\t\t<\/figure>\n\n\t\t\t\t\t\t<span class=\"lqd-pf-overlay-bg lqd-overlay d-flex align-items-center justify-content-center\">\n\t\t\t\t\t\t\t<i class=\"lqd-icn-ess icon-md-arrow-forward\"><\/i>\n\t\t\t\t\t\t<\/span>\n\n\t\t\t\t\t<\/div>\n\n\t\t\t\t\t<div class=\"lqd-pf-details\">\n\t\t\t\t\t\t\t\t\t\t\t\t<h2 class=\"lqd-pf-title mt-0 mb-1 h5\">Dissolving in light<\/h2>\t\t\t\t\t\t<ul class=\"reset-ul inline-nav lqd-pf-cat d-inline-flex pos-rel z-index-2\"><li><a href=\"https:\/\/www.zdenkobuzek.art\/en\/portfolio-category\/dissolving-in-light\/\">Dissolving in light<\/a><\/li><\/ul>\t\t\t\t\t<\/div>\n\n\t\t\t\t\t<a href=\"https:\/\/www.zdenkobuzek.art\/en\/portfolio\/dissolving-in-light\/\"  class=\"lqd-overlay lqd-pf-overlay-link lqd-cc-label-trigger\" data-cc-icon-color=\"\"><\/a>\n\t\t\t\t<\/div>\n\t\t\t<\/article>\n\n\t\t<\/div>\n\t<\/div>\n\n<\/div><div class=\"carousel-item col-lg-6 col-md-6 col-xs-12 united-colors-of-buzek-en\">\n\n\t<div class=\"carousel-item-inner\">\n\t\t<div class=\"carousel-item-content\">\n\n\t\t\t<article id=\"post-9704\" class=\"lqd-pf-item lqd-pf-item-style-3 lqd-pf-overlay-bg-scale lqd-pf-content-v lqd-pf-light pf-details-h-str post-9704 liquid-portfolio type-liquid-portfolio status-publish format-standard has-post-thumbnail hentry liquid-portfolio-category-united-colors-of-buzek-en\">\n\t\t\t\t<div class=\"lqd-pf-item-inner\">\n\n\t\t\t\t\t<div class=\"lqd-pf-img overflow-hidden border-radius-6 pos-rel mb-5\">\n\t\t\t\t\t\t<figure>\n\t\t\t\t\t\t\t<figure  class=\"lqd-overlay\"><img loading=\"lazy\" decoding=\"async\" width=\"640\" height=\"600\" src=\"data:image\/svg+xml;charset=utf-8,%3Csvg xmlns%3D&#039;http%3A%2F%2Fwww.w3.org%2F2000%2Fsvg&#039; viewBox%3D&#039;0 0 640 600&#039;%2F%3E\" class=\"w-100 h-100 objfit-cover objfit-center ld-lazyload wp-post-image\" alt=\"\" data-src=\"https:\/\/www.zdenkobuzek.art\/wp-content\/uploads\/2024\/03\/gal-3-naslovna-640x600.png\" data-aspect=\"1.0666666666667\" \/><\/figure>\t\t\t\t\t\t<\/figure>\n\n\t\t\t\t\t\t<span class=\"lqd-pf-overlay-bg lqd-overlay d-flex align-items-center justify-content-center\">\n\t\t\t\t\t\t\t<i class=\"lqd-icn-ess icon-md-arrow-forward\"><\/i>\n\t\t\t\t\t\t<\/span>\n\n\t\t\t\t\t<\/div>\n\n\t\t\t\t\t<div class=\"lqd-pf-details\">\n\t\t\t\t\t\t\t\t\t\t\t\t<h2 class=\"lqd-pf-title mt-0 mb-1 h5\">United colors of Buz\u030cek<\/h2>\t\t\t\t\t\t<ul class=\"reset-ul inline-nav lqd-pf-cat d-inline-flex pos-rel z-index-2\"><li><a href=\"https:\/\/www.zdenkobuzek.art\/en\/portfolio-category\/united-colors-of-buzek-en\/\">United colors of Bu\u017eek<\/a><\/li><\/ul>\t\t\t\t\t<\/div>\n\n\t\t\t\t\t<a href=\"https:\/\/www.zdenkobuzek.art\/en\/portfolio\/united-colors-of-buzek\/\"  class=\"lqd-overlay lqd-pf-overlay-link lqd-cc-label-trigger\" data-cc-icon-color=\"\"><\/a>\n\t\t\t\t<\/div>\n\t\t\t<\/article>\n\n\t\t<\/div>\n\t<\/div>\n\n<\/div><div class=\"carousel-item col-lg-6 col-md-6 col-xs-12 beyond-shapes\">\n\n\t<div class=\"carousel-item-inner\">\n\t\t<div class=\"carousel-item-content\">\n\n\t\t\t<article id=\"post-9702\" class=\"lqd-pf-item lqd-pf-item-style-3 lqd-pf-overlay-bg-scale lqd-pf-content-v lqd-pf-light pf-details-h-str post-9702 liquid-portfolio type-liquid-portfolio status-publish format-standard has-post-thumbnail hentry liquid-portfolio-category-beyond-shapes\">\n\t\t\t\t<div class=\"lqd-pf-item-inner\">\n\n\t\t\t\t\t<div class=\"lqd-pf-img overflow-hidden border-radius-6 pos-rel mb-5\">\n\t\t\t\t\t\t<figure>\n\t\t\t\t\t\t\t<figure  class=\"lqd-overlay\"><img loading=\"lazy\" decoding=\"async\" width=\"640\" height=\"600\" src=\"data:image\/svg+xml;charset=utf-8,%3Csvg xmlns%3D&#039;http%3A%2F%2Fwww.w3.org%2F2000%2Fsvg&#039; viewBox%3D&#039;0 0 640 600&#039;%2F%3E\" class=\"w-100 h-100 objfit-cover objfit-center ld-lazyload wp-post-image\" alt=\"\" data-src=\"https:\/\/www.zdenkobuzek.art\/wp-content\/uploads\/2024\/04\/14-Polje-jedinstva-640x600.jpg\" data-aspect=\"1.0666666666667\" \/><\/figure>\t\t\t\t\t\t<\/figure>\n\n\t\t\t\t\t\t<span class=\"lqd-pf-overlay-bg lqd-overlay d-flex align-items-center justify-content-center\">\n\t\t\t\t\t\t\t<i class=\"lqd-icn-ess icon-md-arrow-forward\"><\/i>\n\t\t\t\t\t\t<\/span>\n\n\t\t\t\t\t<\/div>\n\n\t\t\t\t\t<div class=\"lqd-pf-details\">\n\t\t\t\t\t\t\t\t\t\t\t\t<h2 class=\"lqd-pf-title mt-0 mb-1 h5\">Beyond shapes<\/h2>\t\t\t\t\t\t<ul class=\"reset-ul inline-nav lqd-pf-cat d-inline-flex pos-rel z-index-2\"><li><a href=\"https:\/\/www.zdenkobuzek.art\/en\/portfolio-category\/beyond-shapes\/\">Beyond shapes<\/a><\/li><\/ul>\t\t\t\t\t<\/div>\n\n\t\t\t\t\t<a href=\"https:\/\/www.zdenkobuzek.art\/en\/portfolio\/beyond-shapes\/\"  class=\"lqd-overlay lqd-pf-overlay-link lqd-cc-label-trigger\" data-cc-icon-color=\"\"><\/a>\n\t\t\t\t<\/div>\n\t\t\t<\/article>\n\n\t\t<\/div>\n\t<\/div>\n\n<\/div><div class=\"carousel-item col-lg-6 col-md-6 col-xs-12 abstract-compositions\">\n\n\t<div class=\"carousel-item-inner\">\n\t\t<div class=\"carousel-item-content\">\n\n\t\t\t<article id=\"post-9700\" class=\"lqd-pf-item lqd-pf-item-style-3 lqd-pf-overlay-bg-scale lqd-pf-content-v lqd-pf-light pf-details-h-str post-9700 liquid-portfolio type-liquid-portfolio status-publish format-standard has-post-thumbnail hentry liquid-portfolio-category-abstract-compositions\">\n\t\t\t\t<div class=\"lqd-pf-item-inner\">\n\n\t\t\t\t\t<div class=\"lqd-pf-img overflow-hidden border-radius-6 pos-rel mb-5\">\n\t\t\t\t\t\t<figure>\n\t\t\t\t\t\t\t<figure  class=\"lqd-overlay\"><img loading=\"lazy\" decoding=\"async\" width=\"640\" height=\"600\" src=\"data:image\/svg+xml;charset=utf-8,%3Csvg xmlns%3D&#039;http%3A%2F%2Fwww.w3.org%2F2000%2Fsvg&#039; viewBox%3D&#039;0 0 640 600&#039;%2F%3E\" class=\"w-100 h-100 objfit-cover objfit-center ld-lazyload wp-post-image\" alt=\"\" data-src=\"https:\/\/www.zdenkobuzek.art\/wp-content\/uploads\/2024\/03\/gal-5-naslovna-640x600.jpg\" data-aspect=\"1.0666666666667\" \/><\/figure>\t\t\t\t\t\t<\/figure>\n\n\t\t\t\t\t\t<span class=\"lqd-pf-overlay-bg lqd-overlay d-flex align-items-center justify-content-center\">\n\t\t\t\t\t\t\t<i class=\"lqd-icn-ess icon-md-arrow-forward\"><\/i>\n\t\t\t\t\t\t<\/span>\n\n\t\t\t\t\t<\/div>\n\n\t\t\t\t\t<div class=\"lqd-pf-details\">\n\t\t\t\t\t\t\t\t\t\t\t\t<h2 class=\"lqd-pf-title mt-0 mb-1 h5\">Abstract compositions<\/h2>\t\t\t\t\t\t<ul class=\"reset-ul inline-nav lqd-pf-cat d-inline-flex pos-rel z-index-2\"><li><a href=\"https:\/\/www.zdenkobuzek.art\/en\/portfolio-category\/abstract-compositions\/\">Abstract compositions<\/a><\/li><\/ul>\t\t\t\t\t<\/div>\n\n\t\t\t\t\t<a href=\"https:\/\/www.zdenkobuzek.art\/en\/portfolio\/abstract-compositions\/\"  class=\"lqd-overlay lqd-pf-overlay-link lqd-cc-label-trigger\" data-cc-icon-color=\"\"><\/a>\n\t\t\t\t<\/div>\n\t\t\t<\/article>\n\n\t\t<\/div>\n\t<\/div>\n\n<\/div><div class=\"carousel-item col-lg-6 col-md-6 col-xs-12 kaoticne-pojave-en\">\n\n\t<div class=\"carousel-item-inner\">\n\t\t<div class=\"carousel-item-content\">\n\n\t\t\t<article id=\"post-9698\" class=\"lqd-pf-item lqd-pf-item-style-3 lqd-pf-overlay-bg-scale lqd-pf-content-v lqd-pf-light pf-details-h-str post-9698 liquid-portfolio type-liquid-portfolio status-publish format-standard has-post-thumbnail hentry liquid-portfolio-category-kaoticne-pojave-en\">\n\t\t\t\t<div class=\"lqd-pf-item-inner\">\n\n\t\t\t\t\t<div class=\"lqd-pf-img overflow-hidden border-radius-6 pos-rel mb-5\">\n\t\t\t\t\t\t<figure>\n\t\t\t\t\t\t\t<figure  class=\"lqd-overlay\"><img loading=\"lazy\" decoding=\"async\" width=\"640\" height=\"600\" src=\"data:image\/svg+xml;charset=utf-8,%3Csvg xmlns%3D&#039;http%3A%2F%2Fwww.w3.org%2F2000%2Fsvg&#039; viewBox%3D&#039;0 0 640 600&#039;%2F%3E\" class=\"w-100 h-100 objfit-cover objfit-center ld-lazyload wp-post-image\" alt=\"\" data-src=\"https:\/\/www.zdenkobuzek.art\/wp-content\/uploads\/2024\/03\/gal-6-naslovna-640x600.jpg\" data-aspect=\"1.0666666666667\" \/><\/figure>\t\t\t\t\t\t<\/figure>\n\n\t\t\t\t\t\t<span class=\"lqd-pf-overlay-bg lqd-overlay d-flex align-items-center justify-content-center\">\n\t\t\t\t\t\t\t<i class=\"lqd-icn-ess icon-md-arrow-forward\"><\/i>\n\t\t\t\t\t\t<\/span>\n\n\t\t\t\t\t<\/div>\n\n\t\t\t\t\t<div class=\"lqd-pf-details\">\n\t\t\t\t\t\t\t\t\t\t\t\t<h2 class=\"lqd-pf-title mt-0 mb-1 h5\">Chaotic phenomena<\/h2>\t\t\t\t\t\t<ul class=\"reset-ul inline-nav lqd-pf-cat d-inline-flex pos-rel z-index-2\"><li><a href=\"https:\/\/www.zdenkobuzek.art\/en\/portfolio-category\/kaoticne-pojave-en\/\">Kaoti\u010dne pojave<\/a><\/li><\/ul>\t\t\t\t\t<\/div>\n\n\t\t\t\t\t<a href=\"https:\/\/www.zdenkobuzek.art\/en\/portfolio\/chaotic-phenomena\/\"  class=\"lqd-overlay lqd-pf-overlay-link lqd-cc-label-trigger\" data-cc-icon-color=\"\"><\/a>\n\t\t\t\t<\/div>\n\t\t\t<\/article>\n\n\t\t<\/div>\n\t<\/div>\n\n<\/div><\/div><\/div><\/div><\/div>\t\t<\/div>\n\t\t\t\t<\/div>\n\t\t\t\t\t<\/div>\n\t\t<\/div>\n\t\t\t\t\t<\/div>\n\t\t<\/section>\n\t\t\t\t<\/div>\n\t\t","protected":false},"excerpt":{"rendered":"<p>Galleries All Apstraktne kompozicije Asambla\u017ei Izabrana djela Kaoti\u010dne pojave Rastvaranje u svjetlu S one strane oblika Slike u interijerima United colors of Bu\u017eek AllApstraktne kompozicijeAsambla\u017eiIzabrana djelaKaoti\u010dne pojaveRastvaranje u svjetluS one strane oblikaSlike u interijerimaUnited colors of Bu\u017eek Slike u interijerima Slike u interijerima Asambla\u017ei Asambla\u017ei Kaotic\u030cne pojave Kaoti\u010dne pojave Apstraktne kompozicije Apstraktne kompozicije S one [&hellip;]<\/p>\n","protected":false},"author":1,"featured_media":0,"parent":0,"menu_order":0,"comment_status":"closed","ping_status":"closed","template":"","meta":{"footnotes":""},"class_list":["post-9712","page","type-page","status-publish","hentry"],"_links":{"self":[{"href":"https:\/\/www.zdenkobuzek.art\/en\/wp-json\/wp\/v2\/pages\/9712","targetHints":{"allow":["GET"]}}],"collection":[{"href":"https:\/\/www.zdenkobuzek.art\/en\/wp-json\/wp\/v2\/pages"}],"about":[{"href":"https:\/\/www.zdenkobuzek.art\/en\/wp-json\/wp\/v2\/types\/page"}],"author":[{"embeddable":true,"href":"https:\/\/www.zdenkobuzek.art\/en\/wp-json\/wp\/v2\/users\/1"}],"replies":[{"embeddable":true,"href":"https:\/\/www.zdenkobuzek.art\/en\/wp-json\/wp\/v2\/comments?post=9712"}],"version-history":[{"count":7,"href":"https:\/\/www.zdenkobuzek.art\/en\/wp-json\/wp\/v2\/pages\/9712\/revisions"}],"predecessor-version":[{"id":9765,"href":"https:\/\/www.zdenkobuzek.art\/en\/wp-json\/wp\/v2\/pages\/9712\/revisions\/9765"}],"wp:attachment":[{"href":"https:\/\/www.zdenkobuzek.art\/en\/wp-json\/wp\/v2\/media?parent=9712"}],"curies":[{"name":"wp","href":"https:\/\/api.w.org\/{rel}","templated":true}]}}